{"id":1079,"date":"2022-03-17T17:37:21","date_gmt":"2022-03-17T16:37:21","guid":{"rendered":"http:\/\/www.contentrevolution.it\/politica-de-privacidad\/"},"modified":"2022-03-22T10:34:02","modified_gmt":"2022-03-22T09:34:02","slug":"politica-de-privacidad","status":"publish","type":"page","link":"https:\/\/www.contentrevolution.it\/es\/politica-de-privacidad\/","title":{"rendered":"Pol\u00edtica de Privacidad"},"content":{"rendered":"<p style=\"font-size:14px\">[ 14 de Enero de 2022 ]<\/p>\n<p>Con el fin de hacer m\u00e1s accesible el texto a los usuarios, en cumplimiento del RGPD (Reglamento General de Protecci\u00f3n de Datos &#8211; Reglamento UE 2016\/679) en vigor desde el 25 de mayo de 2018, proporcionamos a continuaci\u00f3n informaci\u00f3n pr\u00e1ctica relativa a la gesti\u00f3n de datos personales en nuestro sitio<\/p>\n<p><strong>Controlador de datos<\/strong><\/p>\n<p>Durante o despu\u00e9s de la consulta de este sitio web, se pueden tratar datos relativos a personas identificadas o identificables. El titular de su tratamiento es Evolution ADV s.r.l. &#8211; N\u00famero de IVA: 14074001000 &#8211; N\u00famero de rea: RM-1494334 &#8211; Correo electr\u00f3nico:  <a href=\"mailto:info@evolution-adv.it\">info@evolutionadv.it<\/a> &#8211; \u200b\u200b\u200b\u200bDirecci\u00f3n: Via XX Settembre, 40 &#8211; 00187 Roma.<\/p>\n<p><strong>Lugar de procesamiento de datos<\/strong><\/p>\n<p>Los tratamientos relacionados con los servicios web de este sitio tienen lugar en la oficina antes mencionada y solo los realiza el personal encargado del tratamiento o las personas encargadas de las operaciones de mantenimiento.<br class=\"autobr\"><br \/>\nLos datos personales proporcionados por los usuarios que env\u00edan solicitudes espec\u00edficas a trav\u00e9s del formulario o la direcci\u00f3n de correo electr\u00f3nico en el sitio se utilizan con el \u00fanico prop\u00f3sito de realizar posiblemente el servicio o la prestaci\u00f3n solicitada y se divulgan a terceros solo si es necesario para este fin.<\/p>\n<p>&ensp;<\/p>\n<h3>Tipos de datos tratados<\/h3>\n<p><strong>** Datos de navegaci\u00f3n<\/strong><br class=\"autobr\"><br \/>\nLos sistemas inform\u00e1ticos y los procedimientos de software utilizados para operar este sitio web adquieren, durante su funcionamiento normal, algunos datos personales cuya transmisi\u00f3n est\u00e1 impl\u00edcita en el uso de los protocolos de comunicaci\u00f3n de Internet. Se trata de informaci\u00f3n que no se recoge para asociarla a interesados \u200b\u200bidentificados, pero que por su propia naturaleza podr\u00eda, mediante el tratamiento y asociaci\u00f3n con datos en poder de terceros, permitir la identificaci\u00f3n de los usuarios.<br class=\"autobr\"><br \/>\nEstos datos se utilizan con el \u00fanico fin de obtener informaci\u00f3n estad\u00edstica an\u00f3nima sobre el uso del sitio y comprobar su correcto funcionamiento.<\/p>\n<p><strong>** Datos proporcionados voluntariamente por el usuario<\/strong><br class=\"autobr\"><br \/>\nEl env\u00edo facultativo, expl\u00edcito y voluntario de correos electr\u00f3nicos a la direcci\u00f3n indicada en este sitio o el uso de los formularios de contacto implica la adquisici\u00f3n posterior de la direcci\u00f3n del remitente, necesaria para responder a las solicitudes, as\u00ed como cualquier otro dato personal incluido en la solicitud.<br class=\"autobr\"><br \/>\nLa informaci\u00f3n resumida espec\u00edfica se informar\u00e1 o mostrar\u00e1 progresivamente en las p\u00e1ginas del sitio configuradas para servicios particulares a pedido.<\/p>\n<p><strong>** Cookies<\/strong><br class=\"autobr\"><br \/>\nEste sitio utiliza cookies t\u00e9cnicas necesarias para el funcionamiento del sitio y cookies de terceros, necesarias para el funcionamiento de algunas funciones, como el an\u00e1lisis estad\u00edstico de los accesos.<\/p>\n<p>&ensp;<\/p>\n<h3><strong>Pol\u00edtica de cookies<\/strong><\/h3>\n<h3>Estad\u00edsticas<\/h3>\n<p>Los servicios contenidos en esta secci\u00f3n permiten al Controlador de datos monitorear y analizar los datos de tr\u00e1fico y se utilizan para realizar un seguimiento del comportamiento del Usuario.<\/p>\n<p><strong>GOOGLE ANALYTICS (GOOGLE INC.)<\/strong><br class=\"autobr\"><br \/>\nGoogle Analytics es un servicio de an\u00e1lisis web proporcionado por Google Inc. (&#8220;Google&#8221;). Google utiliza los Datos Personales recopilados con el fin de rastrear y examinar el uso de esta Aplicaci\u00f3n, compilar informes y compartirlos con otros servicios desarrollados por Google.<br class=\"autobr\"><br \/>\nGoogle podr\u00e1 utilizar los Datos Personales para contextualizar y personalizar los anuncios de su propia red publicitaria.<br class=\"autobr\"><br \/>\nDatos personales recogidos: Cookies y Datos de uso.<br class=\"autobr\"><br \/>\nLugar de procesamiento: EE. UU. &#8211; <a href=\"https:\/\/www.google.com\/intl\/it\/policies\/privacy\/\" class=\"spip_out\" rel=\"external\">Pol\u00edtica de privacidad <\/a> \u2013 <a href=\"https:\/\/tools.google.com\/dlpage\/gaoptout?hl=it\" class=\"spip_out\" rel=\"external\">Opt Out<\/a><\/p>\n<p><strong>C\u00f3mo deshabilitar las cookies a trav\u00e9s de la configuraci\u00f3n del navegador<\/strong><br class=\"autobr\"><br \/>\nAl intervenir en la configuraci\u00f3n de su navegador, puede administrar las cookies de una manera que respete las preferencias del usuario. Cada navegador ofrece la posibilidad de aceptar o no las cookies propias de los distintos sitios y aplicaciones web. Adem\u00e1s, algunos navegadores tambi\u00e9n le permiten definir diferentes configuraciones para las cookies &#8220;propias&#8221; y &#8220;de terceros&#8221;.<\/p>\n<p><strong>Advertencia:<\/strong> la desactivaci\u00f3n de las cookies puede impedir el uso de algunas funciones de este sitio web. La desactivaci\u00f3n de las cookies de &#8220;terceros&#8221; no afecta en modo alguno a la navegabilidad.<br \/>\n<br class=\"autobr\"> El procedimiento var\u00eda ligeramente seg\u00fan el tipo de navegador utilizado. Para obtener instrucciones detalladas, siga uno de los siguientes enlaces:<\/p>\n<ul style=\"padding-left: 20px; font-size: 18px;\">\n<li><a href=\"http:\/\/support.microsoft.com\/kb\/196955\">Internet Explorer<\/a><\/li>\n<li><a href=\"http:\/\/support.mozilla.org\/it\/kb\/Gestione%20dei%20Cookie?redirectlocale=en-US&amp;redirectslug=Cookies\">Firefox<\/a><\/li>\n<li><a href=\"https:\/\/support.google.com\/chrome\/answer\/95647?hl=it\">Google Chrome<\/a><\/li>\n<li><a href=\"http:\/\/www.opera.com\/help\/tutorials\/security\/guide\/\">Opera <\/a><\/li>\n<li><a href=\"https:\/\/support.apple.com\/kb\/PH19214?viewlocale=it_IT&amp;locale=it_IT \">Safari<\/a><\/li>\n<li><a href=\"https:\/\/support.apple.com\/it-it\/HT201265\">Safari (iOS)<\/a><\/li>\n<\/ul>\n<p>&ensp;<\/p>\n<p><strong>Suministro opcional de datos<\/strong><\/p>\n<p>Adem\u00e1s de lo especificado para los datos de navegaci\u00f3n, el usuario es libre de proporcionar datos personales si se solicitan en secciones espec\u00edficas del sitio.<br class=\"autobr\"><br \/>\nSin embargo, la falta de suministro de los mismos puede hacer que sea imposible obtener lo que se solicita.<\/p>\n<p><strong>M\u00e9todos de procesamiento<\/strong><\/p>\n<p>Los datos personales se procesan con herramientas automatizadas durante el tiempo estrictamente necesario para lograr los fines para los que fueron recopilados<br class=\"autobr\"><br \/>\nSe observan medidas de seguridad espec\u00edficas para evitar la p\u00e9rdida de datos, usos il\u00edcitos o incorrectos y accesos no autorizados.<\/p>\n<p><strong>Derechos de los interesados<\/strong><\/p>\n<p>De conformidad con el art. 7 del CP, los sujetos a los que se refieren los datos personales tienen derecho en cualquier momento a obtener la confirmaci\u00f3n de la existencia o no de los mismos datos, a conocer su contenido y origen, verificar su exactitud o solicitar su integraci\u00f3n, actualizaci\u00f3n o rectificaci\u00f3n, solicitando su cancelaci\u00f3n, transformaci\u00f3n en an\u00f3nimo o bloqueo de los datos tratados con infracci\u00f3n de la ley, as\u00ed como oponerse en todo caso, por motivos leg\u00edtimos, a su tratamiento. Las solicitudes de que se trate deber\u00e1n dirigirse al responsable del tratamiento en la direcci\u00f3n f\u00edsica o de correo electr\u00f3nico indicada anteriormente.\n<\/p>\n<p><strong>Idiomas<\/strong><\/p>\n<p>El idioma aplicable a esta Pol\u00edtica de Privacidad es el italiano. Si se te han ofrecido versiones de esta Pol\u00edtica de Privacidad en otros idiomas, ha sido para tu comodidad y aceptas expresamente que las mismas se regir\u00e1n siempre por la versi\u00f3n en italiano.<br \/>\nSi hay alguna contradicci\u00f3n entre lo que dice la versi\u00f3n en italiano de esta Pol\u00edtica de Privacidad y lo que dice la traducci\u00f3n, en todo caso prevalecer\u00e1 la versi\u00f3n en italiano.<\/p>\n","protected":false},"excerpt":{"rendered":"<p>[ 14 de Enero de 2022 ] Con el fin de hacer m\u00e1s accesible el texto a los usuarios, en cumplimiento del RGPD (Reglamento General de Protecci\u00f3n de Datos &#8211; Reglamento UE 2016\/679) en vigor desde el 25 de mayo de 2018, proporcionamos a continuaci\u00f3n informaci\u00f3n pr\u00e1ctica relativa a la gesti\u00f3n de datos personales en [&hellip;]<\/p>\n","protected":false},"author":1,"featured_media":0,"parent":0,"menu_order":0,"comment_status":"closed","ping_status":"closed","template":"page-template\/privacy.php","meta":{"_acf_changed":false,"footnotes":""},"class_list":["post-1079","page","type-page","status-publish","hentry"],"acf":[],"_links":{"self":[{"href":"https:\/\/www.contentrevolution.it\/es\/wp-json\/wp\/v2\/pages\/1079","targetHints":{"allow":["GET"]}}],"collection":[{"href":"https:\/\/www.contentrevolution.it\/es\/wp-json\/wp\/v2\/pages"}],"about":[{"href":"https:\/\/www.contentrevolution.it\/es\/wp-json\/wp\/v2\/types\/page"}],"author":[{"embeddable":true,"href":"https:\/\/www.contentrevolution.it\/es\/wp-json\/wp\/v2\/users\/1"}],"replies":[{"embeddable":true,"href":"https:\/\/www.contentrevolution.it\/es\/wp-json\/wp\/v2\/comments?post=1079"}],"version-history":[{"count":2,"href":"https:\/\/www.contentrevolution.it\/es\/wp-json\/wp\/v2\/pages\/1079\/revisions"}],"predecessor-version":[{"id":1095,"href":"https:\/\/www.contentrevolution.it\/es\/wp-json\/wp\/v2\/pages\/1079\/revisions\/1095"}],"wp:attachment":[{"href":"https:\/\/www.contentrevolution.it\/es\/wp-json\/wp\/v2\/media?parent=1079"}],"curies":[{"name":"wp","href":"https:\/\/api.w.org\/{rel}","templated":true}]}}